{"id":1863,"date":"2026-04-02T18:08:33","date_gmt":"2026-04-02T10:08:33","guid":{"rendered":"https:\/\/nextpeaktrading.com\/?page_id=1863"},"modified":"2026-04-03T17:14:54","modified_gmt":"2026-04-03T09:14:54","slug":"about","status":"publish","type":"page","link":"https:\/\/nextpeaktrading.com\/de\/about\/","title":{"rendered":"\u00dcber uns"},"content":{"rendered":"<div data-elementor-type=\"wp-page\" data-elementor-id=\"1863\" class=\"elementor elementor-1863\">\n\t\t\t\t<div class=\"elementor-element elementor-element-16419c5 e-flex e-con-boxed e-con e-parent\" data-id=\"16419c5\" data-element_type=\"container\" data-e-type=\"container\" data-settings=\"{&quot;background_background&quot;:&quot;gradient&quot;}\">\n\t\t\t\t\t<div class=\"e-con-inner\">\n\t\t\t\t<div class=\"elementor-element elementor-element-751e512 elementor-widget elementor-widget-heading\" data-id=\"751e512\" data-element_type=\"widget\" data-e-type=\"widget\" data-widget_type=\"heading.default\">\n\t\t\t\t<div class=\"elementor-widget-container\">\n\t\t\t\t\t<h1 class=\"elementor-heading-title elementor-size-default\">\u00dcber uns<\/h1>\t\t\t\t<\/div>\n\t\t\t\t<\/div>\n\t\t\t\t\t<\/div>\n\t\t\t\t<\/div>\n\t\t<div class=\"elementor-element elementor-element-09a4020 e-flex e-con-boxed e-con e-parent\" data-id=\"09a4020\" data-element_type=\"container\" data-e-type=\"container\" data-settings=\"{&quot;background_background&quot;:&quot;classic&quot;}\">\n\t\t\t\t\t<div class=\"e-con-inner\">\n\t\t<div class=\"elementor-element elementor-element-7f15b20 e-con-full e-flex e-con e-child\" data-id=\"7f15b20\" data-element_type=\"container\" data-e-type=\"container\">\n\t\t\t\t<div class=\"elementor-element elementor-element-8a89d9f elementor-widget elementor-widget-image\" data-id=\"8a89d9f\" data-element_type=\"widget\" data-e-type=\"widget\" data-widget_type=\"image.default\">\n\t\t\t\t<div class=\"elementor-widget-container\">\n\t\t\t\t\t\t\t\t\t\t\t\t\t\t\t<img decoding=\"async\" src=\"https:\/\/nextpeaktrading.com\/wp-content\/uploads\/elementor\/thumbs\/us-rlcsz2q7mw8jdi0kzy6ixcvb16t7cp1hg4akcnn9u0.jpg\" title=\"us\" alt=\"us\" loading=\"lazy\" \/>\t\t\t\t\t\t\t\t\t\t\t\t\t\t\t<\/div>\n\t\t\t\t<\/div>\n\t\t\t\t<\/div>\n\t\t<div class=\"elementor-element elementor-element-98a114d e-con-full e-flex e-con e-child\" data-id=\"98a114d\" data-element_type=\"container\" data-e-type=\"container\">\n\t\t\t\t<div class=\"elementor-element elementor-element-92d0611 elementor-widget elementor-widget-heading\" data-id=\"92d0611\" data-element_type=\"widget\" data-e-type=\"widget\" data-widget_type=\"heading.default\">\n\t\t\t\t<div class=\"elementor-widget-container\">\n\t\t\t\t\t<h2 class=\"elementor-heading-title elementor-size-default\">\u00dcber uns<\/h2>\t\t\t\t<\/div>\n\t\t\t\t<\/div>\n\t\t\t\t<div class=\"elementor-element elementor-element-add4afa elementor-widget elementor-widget-heading\" data-id=\"add4afa\" data-element_type=\"widget\" data-e-type=\"widget\" data-widget_type=\"heading.default\">\n\t\t\t\t<div class=\"elementor-widget-container\">\n\t\t\t\t\t<h4 class=\"elementor-heading-title elementor-size-default\">Wir treiben die Mobilit\u00e4t der Zukunft voran<\/h4>\t\t\t\t<\/div>\n\t\t\t\t<\/div>\n\t\t\t\t<div class=\"elementor-element elementor-element-529fb43 elementor-widget elementor-widget-text-editor\" data-id=\"529fb43\" data-element_type=\"widget\" data-e-type=\"widget\" data-widget_type=\"text-editor.default\">\n\t\t\t\t<div class=\"elementor-widget-container\">\n\t\t\t\t\t\t\t\t\t<p>Wir sind \u00fcberzeugt, dass Mobilit\u00e4t mehr ist als nur Fortbewegung \u2013 sie steht f\u00fcr Leichtigkeit, Freiheit und Nachhaltigkeit.<\/p><p>Die Nextpeak Trading UG (haftungsbeschr\u00e4nkt) ist ein Handelsunternehmen mit Spezialisierung auf Elektrofahrr\u00e4der. Wir bieten moderne E-Bikes f\u00fcr den europ\u00e4ischen und internationalen Markt an und legen dabei gro\u00dfen Wert auf Qualit\u00e4t, Zuverl\u00e4ssigkeit und Innovation.Wir verstehen uns nicht nur als Lieferant, sondern als Bindeglied zwischen hochwertigen Herstellern und Endkunden.<\/p><p>Elektromobilit\u00e4t ver\u00e4ndert den urbanen Verkehr grundlegend.<\/p><p><strong>With<\/strong> <strong>Mit professionellem, transparentem und effizientem Service erm\u00f6glichen wir unseren Kunden weltweit einen einfachen Zugang zu nachhaltiger Mobilit\u00e4t.<\/strong><\/p>\t\t\t\t\t\t\t\t<\/div>\n\t\t\t\t<\/div>\n\t\t\t\t<\/div>\n\t\t\t\t\t<\/div>\n\t\t\t\t<\/div>\n\t\t\t\t<\/div>","protected":false},"excerpt":{"rendered":"<p>About Us About Us Driving the Future of Mobility We believe riding is more than just a means of transport\u2014it is a lifestyle of ease, freedom, and sustainability. Nextpeak Trading UG (haftungsbeschr\u00e4nkt) is a trading company specializing in electric bicycles. We are committed to bringing cutting-edge e-bike products to Europe and global markets. We are [&hellip;]<\/p>\n","protected":false},"author":1,"featured_media":0,"parent":0,"menu_order":0,"comment_status":"closed","ping_status":"closed","template":"","meta":{"site-sidebar-layout":"no-sidebar","site-content-layout":"page-builder","ast-site-content-layout":"default","site-content-style":"default","site-sidebar-style":"default","ast-global-header-display":"","ast-banner-title-visibility":"","ast-main-header-display":"","ast-hfb-above-header-display":"","ast-hfb-below-header-display":"","ast-hfb-mobile-header-display":"","site-post-title":"disabled","ast-breadcrumbs-content":"","ast-featured-img":"disabled","footer-sml-layout":"","ast-disable-related-posts":"","theme-transparent-header-meta":"enabled","adv-header-id-meta":"","stick-header-meta":"","header-above-stick-meta":"","header-main-stick-meta":"","header-below-stick-meta":"","astra-migrate-meta-layouts":"default","ast-page-background-enabled":"default","ast-page-background-meta":{"desktop":{"background-color":"","background-image":"","background-repeat":"repeat","background-position":"center center","background-size":"auto","background-attachment":"scroll","background-type":"","background-media":"","overlay-type":"","overlay-color":"","overlay-opacity":"","overlay-gradient":""},"tablet":{"background-color":"","background-image":"","background-repeat":"repeat","background-position":"center center","background-size":"auto","background-attachment":"scroll","background-type":"","background-media":"","overlay-type":"","overlay-color":"","overlay-opacity":"","overlay-gradient":""},"mobile":{"background-color":"","background-image":"","background-repeat":"repeat","background-position":"center center","background-size":"auto","background-attachment":"scroll","background-type":"","background-media":"","overlay-type":"","overlay-color":"","overlay-opacity":"","overlay-gradient":""}},"ast-content-background-meta":{"desktop":{"background-color":"var(--ast-global-color-5)","background-image":"","background-repeat":"repeat","background-position":"center center","background-size":"auto","background-attachment":"scroll","background-type":"","background-media":"","overlay-type":"","overlay-color":"","overlay-opacity":"","overlay-gradient":""},"tablet":{"background-color":"var(--ast-global-color-5)","background-image":"","background-repeat":"repeat","background-position":"center center","background-size":"auto","background-attachment":"scroll","background-type":"","background-media":"","overlay-type":"","overlay-color":"","overlay-opacity":"","overlay-gradient":""},"mobile":{"background-color":"var(--ast-global-color-5)","background-image":"","background-repeat":"repeat","background-position":"center center","background-size":"auto","background-attachment":"scroll","background-type":"","background-media":"","overlay-type":"","overlay-color":"","overlay-opacity":"","overlay-gradient":""}},"footnotes":""},"class_list":["post-1863","page","type-page","status-publish","hentry"],"_links":{"self":[{"href":"https:\/\/nextpeaktrading.com\/de\/wp-json\/wp\/v2\/pages\/1863","targetHints":{"allow":["GET"]}}],"collection":[{"href":"https:\/\/nextpeaktrading.com\/de\/wp-json\/wp\/v2\/pages"}],"about":[{"href":"https:\/\/nextpeaktrading.com\/de\/wp-json\/wp\/v2\/types\/page"}],"author":[{"embeddable":true,"href":"https:\/\/nextpeaktrading.com\/de\/wp-json\/wp\/v2\/users\/1"}],"replies":[{"embeddable":true,"href":"https:\/\/nextpeaktrading.com\/de\/wp-json\/wp\/v2\/comments?post=1863"}],"version-history":[{"count":52,"href":"https:\/\/nextpeaktrading.com\/de\/wp-json\/wp\/v2\/pages\/1863\/revisions"}],"predecessor-version":[{"id":2050,"href":"https:\/\/nextpeaktrading.com\/de\/wp-json\/wp\/v2\/pages\/1863\/revisions\/2050"}],"wp:attachment":[{"href":"https:\/\/nextpeaktrading.com\/de\/wp-json\/wp\/v2\/media?parent=1863"}],"curies":[{"name":"wp","href":"https:\/\/api.w.org\/{rel}","templated":true}]}}